{"id":1209,"date":"2026-02-04T15:32:38","date_gmt":"2026-02-04T15:32:38","guid":{"rendered":"https:\/\/modinatheme.com\/visaland\/?page_id=1209"},"modified":"2026-04-09T16:11:29","modified_gmt":"2026-04-09T16:11:29","slug":"sobre-nosotros","status":"publish","type":"page","link":"https:\/\/creeworldwide.com\/en\/sobre-nosotros\/","title":{"rendered":"About Us"},"content":{"rendered":"<div data-elementor-type=\"wp-page\" data-elementor-id=\"1209\" class=\"elementor elementor-1209\" data-elementor-post-type=\"page\">\n\t\t\t\t<div class=\"elementor-element elementor-element-c64997d e-con-full e-flex e-con e-parent\" data-id=\"c64997d\" data-element_type=\"container\" data-e-type=\"container\" data-settings=\"{&quot;background_background&quot;:&quot;classic&quot;}\">\n\t\t<div class=\"elementor-element elementor-element-478531b e-flex e-con-boxed e-con e-child\" data-id=\"478531b\" data-element_type=\"container\" data-e-type=\"container\">\n\t\t\t\t\t<div class=\"e-con-inner\">\n\t\t<div class=\"elementor-element elementor-element-949ee6c e-con-full e-flex e-con e-child\" data-id=\"949ee6c\" data-element_type=\"container\" data-e-type=\"container\">\n\t\t\t\t<div class=\"elementor-element elementor-element-562700a elementor-widget elementor-widget-heading\" data-id=\"562700a\" data-element_type=\"widget\" data-e-type=\"widget\" data-widget_type=\"heading.default\">\n\t\t\t\t\t<h2 class=\"elementor-heading-title elementor-size-default\">\u201cStart your process to study abroad today\u201d<\/h2>\t\t\t\t<\/div>\n\t\t\t\t<div class=\"elementor-element elementor-element-192c0fb elementor-widget elementor-widget-spacer\" data-id=\"192c0fb\" data-element_type=\"widget\" data-e-type=\"widget\" data-widget_type=\"spacer.default\">\n\t\t\t\t\t\t\t<div class=\"elementor-spacer\">\n\t\t\t<div class=\"elementor-spacer-inner\"><\/div>\n\t\t<\/div>\n\t\t\t\t\t\t<\/div>\n\t\t\t\t<div class=\"elementor-element elementor-element-a768cd4 elementor-widget elementor-widget-heading\" data-id=\"a768cd4\" data-element_type=\"widget\" data-e-type=\"widget\" data-widget_type=\"heading.default\">\n\t\t\t\t\t<h4 class=\"elementor-heading-title elementor-size-default\">Discover new academic opportunities and live a unique international experience.<\/h4>\t\t\t\t<\/div>\n\t\t\t\t<\/div>\n\t\t<div class=\"elementor-element elementor-element-d9cc5c3 e-con-full e-flex e-con e-child\" data-id=\"d9cc5c3\" data-element_type=\"container\" data-e-type=\"container\">\n\t\t\t\t<div class=\"elementor-element elementor-element-b777c01 elementor-hidden-desktop elementor-hidden-tablet elementor-hidden-mobile elementor-widget elementor-widget-image\" data-id=\"b777c01\" data-element_type=\"widget\" data-e-type=\"widget\" data-widget_type=\"image.default\">\n\t\t\t\t\t\t\t\t\t\t\t\t\t\t\t<img fetchpriority=\"high\" decoding=\"async\" width=\"740\" height=\"740\" src=\"https:\/\/creeworldwide.com\/wp-content\/uploads\/2026\/02\/PATTERN_01.svg\" class=\"attachment-large size-large wp-image-1531\" alt=\"\" \/>\t\t\t\t\t\t\t\t\t\t\t\t\t\t\t<\/div>\n\t\t\t\t<\/div>\n\t\t\t\t\t<\/div>\n\t\t\t\t<\/div>\n\t\t\t\t<\/div>\n\t\t<div class=\"elementor-element elementor-element-6c0213e e-flex e-con-boxed e-con e-parent\" data-id=\"6c0213e\" data-element_type=\"container\" data-e-type=\"container\">\n\t\t\t\t\t<div class=\"e-con-inner\">\n\t\t<div class=\"elementor-element elementor-element-a99e513 e-con-full e-flex e-con e-child\" data-id=\"a99e513\" data-element_type=\"container\" data-e-type=\"container\">\n\t\t\t\t<div class=\"elementor-element elementor-element-f373ec6 elementor-widget elementor-widget-visaland-image-styles-widget\" data-id=\"f373ec6\" data-element_type=\"widget\" data-e-type=\"widget\" data-widget_type=\"visaland-image-styles-widget.default\">\n\t\t\t\t<div class=\"elementor-widget-container\">\n\t\t\t\t\t\r\n\t\r\n\r\n\t<div class=\"about-wrapper\">\r\n\t\t<div class=\"about-image-items\">\r\n\t\t\t<div class=\"border-shape\">\r\n\t\t\t   \r\n\t\t\t\t<img decoding=\"async\" src=\"\" alt=\"\"\/>\r\n\t\t\t\t\t\t<\/div>\r\n\t\t\t<div class=\"about-image bg-cover wow fadeInLeft\" data-wow-delay=\".3s\" style=\"background-image: url('https:\/\/creeworldwide.com\/wp-content\/uploads\/2026\/02\/IMG_HOME_01.jpg');\">\r\n\t\t\t\t<div class=\"about-image-2 wow fadeInUp\" data-wow-delay=\".5s\">\r\n\t\t\t\t   \r\n\t\t\t\t\t<img decoding=\"async\" src=\"https:\/\/creeworldwide.com\/wp-content\/uploads\/2026\/02\/IMG_HOME_02.jpg\" alt=\"\"\/>\r\n\t\t\t\t\t\t\t\t<\/div>\r\n\t\t\t<\/div>\r\n\t\t<\/div>\r\n\t<\/div>\r\n\r\n\t\r\n             \r\n\t\t\t\t\t\t<\/div>\n\t\t\t\t<\/div>\n\t\t\t\t<\/div>\n\t\t<div class=\"elementor-element elementor-element-d8c4970 e-con-full e-flex e-con e-child\" data-id=\"d8c4970\" data-element_type=\"container\" data-e-type=\"container\">\n\t\t\t\t<div class=\"elementor-element elementor-element-387b162 elementor-widget elementor-widget-visaland-heading-title-widget\" data-id=\"387b162\" data-element_type=\"widget\" data-e-type=\"widget\" data-widget_type=\"visaland-heading-title-widget.default\">\n\t\t\t\t<div class=\"elementor-widget-container\">\n\t\t\t\t\t\r\n\t\r\n\r\n\t<div class=\"section-title\">\r\n\t\t<span class=\"wow fadeInUp\">ABOUT THE COMPANY<\/span>\r\n\t\t<h2 class=\"title-anim\">\r\n\t\t\tExperts in international education and visa consultancy\t\t<\/h2>\r\n\t<\/div>\r\n\r\n\t\r\n             \r\n\t\t\t\t\t\t<\/div>\n\t\t\t\t<\/div>\n\t\t\t\t<div class=\"elementor-element elementor-element-a6f4f08 elementor-widget elementor-widget-text-editor\" data-id=\"a6f4f08\" data-element_type=\"widget\" data-e-type=\"widget\" data-widget_type=\"text-editor.default\">\n\t\t\t\t\t\t\t\t\t<p class=\"translation-block\">At Cree Worldwide, we help you access international education opportunities in destinations such as Australia, Canada, Ireland, United Kingdom, Malta, and New Zealand.<br>\nOur team will provide personalized consultancy throughout the entire process: from choosing the right course to preparing your visa application and starting your experience abroad.<br>\nWe believe that studying in another country can transform your academic, professional, and personal future.<\/p>\t\t\t\t\t\t\t\t<\/div>\n\t\t\t\t<div class=\"elementor-element elementor-element-ec160b4 elementor-widget elementor-widget-visaland-progress-bar-widget\" data-id=\"ec160b4\" data-element_type=\"widget\" data-e-type=\"widget\" data-widget_type=\"visaland-progress-bar-widget.default\">\n\t\t\t\t<div class=\"elementor-widget-container\">\n\t\t\t\t\t\r\n\r\n\t <script>\r\n jQuery(document).ready(function($)\r\n {\r\n\r\n\/\/put the js code under this line \r\n\r\nif ($(\".circle-bar\").length > 0) {\r\n      $(\".circle-bar\").loading();\r\n  }\r\n\r\n\/\/put the code above the line \r\n\r\n  });\r\n<\/script>\r\n\t\r\n\r\n\t<div class=\"about-wrapper\">\r\n\t\t<div class=\"about-content\">\r\n\t\t\t<div class=\"circle-progress-bar-wrapper mt-0\">\r\n\t\t\t\t\t\r\n\t\t\t\t<div class=\"single-circle-bar wow fadeInUp\" data-wow-delay=\".3s\">\r\n\t\t\t\t\t<div class=\"circle-bar\" data-percent=\"95\" data-duration=\"1000\">\r\n\t\t\t\t\t<\/div>\r\n\t\t\t\t\t<div class=\"content\">\r\n\t\t\t\t\t\t<h6>\r\n\t\t\t\t\t\t\tSuccessful Visa Application Support\t\t\t\t\t\t<\/h6>\r\n\t\t\t\t\t<\/div>\r\n\t\t\t\t<\/div>\r\n\t\t\t\t\t\t\t<\/div>\r\n\t\t<\/div>\r\n\t<\/div>\r\n\r\n\t\t\r\n             \r\n\t\t\t\t\t\t<\/div>\n\t\t\t\t<\/div>\n\t\t\t\t<div class=\"elementor-element elementor-element-e15c975 elementor-widget elementor-widget-visaland-progress-bar-widget\" data-id=\"e15c975\" data-element_type=\"widget\" data-e-type=\"widget\" data-widget_type=\"visaland-progress-bar-widget.default\">\n\t\t\t\t<div class=\"elementor-widget-container\">\n\t\t\t\t\t\r\n\r\n\t <script>\r\n jQuery(document).ready(function($)\r\n {\r\n\r\n\/\/put the js code under this line \r\n\r\nif ($(\".circle-bar\").length > 0) {\r\n      $(\".circle-bar\").loading();\r\n  }\r\n\r\n\/\/put the code above the line \r\n\r\n  });\r\n<\/script>\r\n\t\r\n\r\n\t<div class=\"about-wrapper\">\r\n\t\t<div class=\"about-content\">\r\n\t\t\t<div class=\"circle-progress-bar-wrapper mt-0\">\r\n\t\t\t\t\t\r\n\t\t\t\t<div class=\"single-circle-bar wow fadeInUp\" data-wow-delay=\".3s\">\r\n\t\t\t\t\t<div class=\"circle-bar\" data-percent=\"100\" data-duration=\"1000\">\r\n\t\t\t\t\t<\/div>\r\n\t\t\t\t\t<div class=\"content\">\r\n\t\t\t\t\t\t<h6>\r\n\t\t\t\t\t\t\tPartner Educational Institutions Worldwide\t\t\t\t\t\t<\/h6>\r\n\t\t\t\t\t<\/div>\r\n\t\t\t\t<\/div>\r\n\t\t\t\t\t\t\t<\/div>\r\n\t\t<\/div>\r\n\t<\/div>\r\n\r\n\t\t\r\n             \r\n\t\t\t\t\t\t<\/div>\n\t\t\t\t<\/div>\n\t\t<div class=\"elementor-element elementor-element-b9646b0 e-con-full e-flex e-con e-child\" data-id=\"b9646b0\" data-element_type=\"container\" data-e-type=\"container\">\n\t\t\t\t<div class=\"elementor-element elementor-element-ebda783 elementor-widget elementor-widget-visaland-theme-button-widget\" data-id=\"ebda783\" data-element_type=\"widget\" data-e-type=\"widget\" data-widget_type=\"visaland-theme-button-widget.default\">\n\t\t\t\t<div class=\"elementor-widget-container\">\n\t\t\t\t\t\r\n\t\r\n\r\n\t<div class=\"about-button wow fadeInUp\" data-wow-delay=\".8s\">\r\n\t\t<a href=\"\/en\/visaland\/contact\/\" class=\"theme-btn\">\r\n\t\t\t<span>\r\n\t\t\tContact Us\t\t\t\t<i class=\"fas fa-chevron-right\"><\/i>\r\n\t\t\t<\/span>\r\n\t\t<\/a>\r\n\t<\/div>\r\n\r\n\t\r\n\r\n             \r\n\t\t\t\t\t\t<\/div>\n\t\t\t\t<\/div>\n\t\t\t\t<\/div>\n\t\t\t\t<\/div>\n\t\t\t\t\t<\/div>\n\t\t\t\t<\/div>\n\t\t<div class=\"elementor-element elementor-element-0c35a47 e-con-full e-flex e-con e-parent\" data-id=\"0c35a47\" data-element_type=\"container\" data-e-type=\"container\">\n\t\t<div class=\"elementor-element elementor-element-2412b6a e-con-full e-flex e-con e-child\" data-id=\"2412b6a\" data-element_type=\"container\" data-e-type=\"container\">\n\t\t<div class=\"elementor-element elementor-element-6bdaff5 e-con-full e-flex e-con e-child\" data-id=\"6bdaff5\" data-element_type=\"container\" data-e-type=\"container\" data-settings=\"{&quot;background_background&quot;:&quot;classic&quot;}\">\n\t\t\t\t<\/div>\n\t\t<div class=\"elementor-element elementor-element-8841f57 e-con-full e-flex e-con e-child\" data-id=\"8841f57\" data-element_type=\"container\" data-e-type=\"container\">\n\t\t\t\t<div class=\"elementor-element elementor-element-b6b84e4 elementor-widget elementor-widget-visaland-heading-title-widget\" data-id=\"b6b84e4\" data-element_type=\"widget\" data-e-type=\"widget\" data-widget_type=\"visaland-heading-title-widget.default\">\n\t\t\t\t<div class=\"elementor-widget-container\">\n\t\t\t\t\t\r\n\t\t\r\n\r\n\t<div class=\"section-title text-center\">\r\n\t\t<span class=\"wow fadeInUp\">OUR SERVICES<\/span>\r\n\t\t<h2 class=\"title-anim\">\r\n\t\t\tExplore our solutions for studying abroad and managing your visa process\t\t<\/h2>\r\n\t<\/div>\r\n\r\n\t\r\n             \r\n\t\t\t\t\t\t<\/div>\n\t\t\t\t<\/div>\n\t\t\t\t<\/div>\n\t\t<div class=\"elementor-element elementor-element-80d22a6 e-con-full e-flex e-con e-child\" data-id=\"80d22a6\" data-element_type=\"container\" data-e-type=\"container\" data-settings=\"{&quot;background_background&quot;:&quot;classic&quot;}\">\n\t\t\t\t<\/div>\n\t\t\t\t<\/div>\n\t\t\t\t<div class=\"elementor-element elementor-element-50be132 elementor-widget elementor-widget-visaland-service-grid-widget\" data-id=\"50be132\" data-element_type=\"widget\" data-e-type=\"widget\" data-widget_type=\"visaland-service-grid-widget.default\">\n\t\t\t\t<div class=\"elementor-widget-container\">\n\t\t\t\t\t\r\n\r\n\r\n\t\r\n\r\n\t<div class=\"service-wrapper\">\r\n\t\t<div class=\"row\">\r\n\t\t\t\t\r\n\t\t\t<div class=\"col-lg-3 col-md-6 col-sm-6 wow fadeInUp\" data-wow-delay=\".2s\">\r\n\t\t\t\t<div class=\"service-card-items\">\r\n\t\t\t\t\t<h3><a href=\"\">Student Visa<\/a><\/h3>\r\n\t\t\t\t\t<p>\r\n\t\t\t\t\t\tWe help you prepare and submit your application to study abroad. Our team advises you on course selection, educational institutions, and the preparation of all necessary documents for your visa process.\t\t\t\t\t<\/p>\r\n\t\t\t\t\t<div class=\"service-thumb\">\r\n\t\t\t\t\t\t\t\t\t\t\t\t\t<img decoding=\"async\" src=\"https:\/\/creeworldwide.com\/wp-content\/uploads\/2026\/04\/HOME_VISA.jpeg\" alt=\"\">\r\n\t\t\t\t\t\t\t\t\t\t\t<\/div>\r\n\t\t\t\t\t<a href=\"\" class=\"link-btn\">\r\n\t\t\t\t\t\t<span><\/span>\r\n\t\t\t\t\t\t<i class=\"fas fa-chevron-right\"><\/i>\r\n\t\t\t\t\t<\/a>\r\n\t\t\t\t<\/div>\r\n\t\t\t<\/div>\r\n\t\t\t\t\r\n\t\t\t<div class=\"col-lg-3 col-md-6 col-sm-6 wow fadeInUp\" data-wow-delay=\".2s\">\r\n\t\t\t\t<div class=\"service-card-items\">\r\n\t\t\t\t\t<h3><a href=\"\">Visa Extension or Change<\/a><\/h3>\r\n\t\t\t\t\t<p>\r\n\t\t\t\t\t\tIf you are already in Australia or another country and need to extend your visa or change your course, we guide you through the entire process so you can continue your studies correctly.<br>\t\t\t\t\t<\/p>\r\n\t\t\t\t\t<div class=\"service-thumb\">\r\n\t\t\t\t\t\t\t\t\t\t\t\t\t<img decoding=\"async\" src=\"https:\/\/creeworldwide.com\/wp-content\/uploads\/2026\/04\/HOME_EXTENSION_VISA.jpg.jpeg\" alt=\"\">\r\n\t\t\t\t\t\t\t\t\t\t\t<\/div>\r\n\t\t\t\t\t<a href=\"\" class=\"link-btn\">\r\n\t\t\t\t\t\t<span><\/span>\r\n\t\t\t\t\t\t<i class=\"fas fa-chevron-right\"><\/i>\r\n\t\t\t\t\t<\/a>\r\n\t\t\t\t<\/div>\r\n\t\t\t<\/div>\r\n\t\t\t\t\r\n\t\t\t<div class=\"col-lg-3 col-md-6 col-sm-6 wow fadeInUp\" data-wow-delay=\".2s\">\r\n\t\t\t\t<div class=\"service-card-items\">\r\n\t\t\t\t\t<h3><a href=\"\">Work Visa<\/a><\/h3>\r\n\t\t\t\t\t<p class=\"translation-block\"><strong>Visa Working Holiday<\/strong><br>\r\nTe asesoramos en el proceso de aplicaci\u00f3n para la visa Working Holiday, permiti\u00e9ndote viajar, trabajar y explorar nuevas oportunidades en el extranjero mientras vives una experiencia cultural \u00fanica.<\/p>\r\n\t\t\t\t\t<div class=\"service-thumb\">\r\n\t\t\t\t\t\t\t\t\t\t\t\t\t<img decoding=\"async\" src=\"https:\/\/creeworldwide.com\/wp-content\/uploads\/2026\/04\/HOME_WORKING_VISA.jpg.jpeg\" alt=\"\">\r\n\t\t\t\t\t\t\t\t\t\t\t<\/div>\r\n\t\t\t\t\t<a href=\"\" class=\"link-btn\">\r\n\t\t\t\t\t\t<span><\/span>\r\n\t\t\t\t\t\t<i class=\"fas fa-chevron-right\"><\/i>\r\n\t\t\t\t\t<\/a>\r\n\t\t\t\t<\/div>\r\n\t\t\t<\/div>\r\n\t\t\t\t\r\n\t\t\t<div class=\"col-lg-3 col-md-6 col-sm-6 wow fadeInUp\" data-wow-delay=\".2s\">\r\n\t\t\t\t<div class=\"service-card-items\">\r\n\t\t\t\t\t<h3><a href=\"\">Tourist Visa<\/a><\/h3>\r\n\t\t\t\t\t<p>\r\n\t\t\t\t\t\tWe offer consultancy for tourist visa applications, helping you prepare the required documentation to increase your chances of approval.\t\t\t\t\t<\/p>\r\n\t\t\t\t\t<div class=\"service-thumb\">\r\n\t\t\t\t\t\t\t\t\t\t\t\t\t<img decoding=\"async\" src=\"https:\/\/creeworldwide.com\/wp-content\/uploads\/2026\/04\/HOME_TURISMO_VISA.jpg.jpeg\" alt=\"\">\r\n\t\t\t\t\t\t\t\t\t\t\t<\/div>\r\n\t\t\t\t\t<a href=\"\" class=\"link-btn\">\r\n\t\t\t\t\t\t<span><\/span>\r\n\t\t\t\t\t\t<i class=\"fas fa-chevron-right\"><\/i>\r\n\t\t\t\t\t<\/a>\r\n\t\t\t\t<\/div>\r\n\t\t\t<\/div>\r\n\t\t\t\t\t<\/div>\r\n\t<\/div>\r\n\r\n\t\r\n\r\n             \r\n\t\t\t\t\t\t<\/div>\n\t\t\t\t<\/div>\n\t\t\t\t<\/div>\n\t\t<div class=\"elementor-element elementor-element-b689c3e e-con-full e-flex e-con e-parent\" data-id=\"b689c3e\" data-element_type=\"container\" data-e-type=\"container\" data-settings=\"{&quot;background_background&quot;:&quot;classic&quot;}\">\n\t\t\t\t<div class=\"elementor-element elementor-element-6f5a2c6 elementor-hidden-desktop elementor-hidden-tablet elementor-widget elementor-widget-image\" data-id=\"6f5a2c6\" data-element_type=\"widget\" data-e-type=\"widget\" data-widget_type=\"image.default\">\n\t\t\t\t\t\t\t\t\t\t\t\t\t\t\t<img decoding=\"async\" width=\"740\" height=\"740\" src=\"https:\/\/creeworldwide.com\/wp-content\/uploads\/2026\/02\/PATTERN_02.svg\" class=\"attachment-large size-large wp-image-1532\" alt=\"\" \/>\t\t\t\t\t\t\t\t\t\t\t\t\t\t\t<\/div>\n\t\t\t\t<div class=\"elementor-element elementor-element-3911544 elementor-widget elementor-widget-visaland-exprience-widget\" data-id=\"3911544\" data-element_type=\"widget\" data-e-type=\"widget\" data-widget_type=\"visaland-exprience-widget.default\">\n\t\t\t\t<div class=\"elementor-widget-container\">\n\t\t\t\t\t\r\n\r\n\t\r\n\r\n\t<section class=\"service-counter-section fix\">\r\n\t\t<div class=\"container\">\r\n\t\t\t<div class=\"service-counter-wrapper\">\r\n\t\t\t\t<div class=\"row\">\r\n\t\t\t\t\t<div class=\"col-lg-5\">\r\n\t\t\t\t\t\t<div class=\"service-counter-content\">\r\n\t\t\t\t\t\t\t<div class=\"section-title\">\r\n\t\t\t\t\t\t\t\t<span class=\"text-white wow fadeInUp\"><\/span>\r\n\t\t\t\t\t\t\t\t<h2 class=\"text-white title-anim\">\r\n\t\t\t\t\t\t\t\t\tOur students trust our service\t\t\t\t\t\t\t\t<\/h2>\r\n\t\t\t\t\t\t\t<\/div>\r\n\t\t\t\t\t\t\t<p class=\"mt-4 mt-md-0 text-white wow fadeInUp\" data-wow-delay=\".5s\">\r\n\t\t\t\t\t\t\t\tAt Cree Worldwide, we support international students who wish to study abroad.<br>\nOur team offers professional consultancy throughout the entire process, from course selection to the visa application.\t\t\t\t\t\t\t<\/p>\r\n\t\t\t\t\t\t\t<a href=\"\" class=\"theme-btn bg-white mt-4 wow fadeInUp\" data-wow-delay=\".7s\">\r\n\t\t\t\t\t\t\t\t<span>\r\n\t\t\t\t\t\t\t\t\t\t\t\t\t\t\t\t\t\t<i class=\"fas fa-chevron-right\"><\/i>\r\n\t\t\t\t\t\t\t\t<\/span>\r\n\t\t\t\t\t\t\t<\/a>\r\n\t\t\t\t\t\t<\/div>\r\n\t\t\t\t\t<\/div>\r\n\t\t\t\t\t<div class=\"col-lg-7 mt-5 mt-lg-0\">\r\n\t\t\t\t\t\t<div class=\"row g-4\">\r\n\t\t\t\t\t\t\t\t\t\t\t\t\t\t<div class=\"col-lg-4 wow fadeInUp\" data-wow-delay=\".3s\">\r\n\t\t\t\t\t\t\t\t<div class=\"service-counter-items\">\r\n\t\t\t\t\t\t\t\t\t<div class=\"icon\">\r\n\t\t\t\t\t\t\t\t\t\t<i class=\"flaticon-traveling\"><\/i>\r\n\t\t\t\t\t\t\t\t\t<\/div>\r\n\t\t\t\t\t\t\t\t\t<div class=\"content\">\r\n\t\t\t\t\t\t\t\t\t\t<h2>\r\n\t\t\t\t\t\t\t\t\t\t\t<span class=\"count\">7<\/span>+<\/h2>\r\n\t\t\t\t\t\t\t\t\t\t<p>\r\n\t\t\t\t\t\t\t\t\t\t\tInternational destinations to study\t\t\t\t\t\t\t\t\t\t<\/p>\r\n\t\t\t\t\t\t\t\t\t<\/div>\r\n\t\t\t\t\t\t\t\t<\/div>\r\n\t\t\t\t\t\t\t<\/div>\r\n\t\t\t\t\t\t\t\t\t\t\t\t\t\t<div class=\"col-lg-4 wow fadeInUp\" data-wow-delay=\".3s\">\r\n\t\t\t\t\t\t\t\t<div class=\"service-counter-items\">\r\n\t\t\t\t\t\t\t\t\t<div class=\"icon\">\r\n\t\t\t\t\t\t\t\t\t\t<i class=\"flaticon-passport-17\"><\/i>\r\n\t\t\t\t\t\t\t\t\t<\/div>\r\n\t\t\t\t\t\t\t\t\t<div class=\"content\">\r\n\t\t\t\t\t\t\t\t\t\t<h2>\r\n\t\t\t\t\t\t\t\t\t\t\t<span class=\"count\">800<\/span>+<\/h2>\r\n\t\t\t\t\t\t\t\t\t\t<p class=\"translation-block\">Visa applications <br>managed<\/p>\r\n\t\t\t\t\t\t\t\t\t<\/div>\r\n\t\t\t\t\t\t\t\t<\/div>\r\n\t\t\t\t\t\t\t<\/div>\r\n\t\t\t\t\t\t\t\t\t\t\t\t\t\t<div class=\"col-lg-4 wow fadeInUp\" data-wow-delay=\".3s\">\r\n\t\t\t\t\t\t\t\t<div class=\"service-counter-items\">\r\n\t\t\t\t\t\t\t\t\t<div class=\"icon\">\r\n\t\t\t\t\t\t\t\t\t\t<i class=\"flaticon-secure-shield\"><\/i>\r\n\t\t\t\t\t\t\t\t\t<\/div>\r\n\t\t\t\t\t\t\t\t\t<div class=\"content\">\r\n\t\t\t\t\t\t\t\t\t\t<h2>\r\n\t\t\t\t\t\t\t\t\t\t\t<span class=\"count\">95<\/span>%<\/h2>\r\n\t\t\t\t\t\t\t\t\t\t<p class=\"translation-block\">High Success Rate in Visa Consultancy<\/p>\r\n\t\t\t\t\t\t\t\t\t<\/div>\r\n\t\t\t\t\t\t\t\t<\/div>\r\n\t\t\t\t\t\t\t<\/div>\r\n\t\t\t\t\t\t\t\t\t\t\t\t\t<\/div>\r\n\t\t\t\t\t<\/div>\r\n\t\t\t\t<\/div>\r\n\t\t\t<\/div>\r\n\t\t<\/div>\r\n\t<\/section>\r\n\r\n\t\r\n\r\n             \r\n\t\t\t\t\t\t<\/div>\n\t\t\t\t<\/div>\n\t\t\t\t<\/div>\n\t\t<div class=\"elementor-element elementor-element-7a74eb8 e-flex e-con-boxed e-con e-parent\" data-id=\"7a74eb8\" data-element_type=\"container\" data-e-type=\"container\" data-settings=\"{&quot;background_background&quot;:&quot;classic&quot;}\">\n\t\t\t\t\t<div class=\"e-con-inner\">\n\t\t\t\t<div class=\"elementor-element elementor-element-5f2b9b4 elementor-widget elementor-widget-visaland-heading-title-widget\" data-id=\"5f2b9b4\" data-element_type=\"widget\" data-e-type=\"widget\" data-widget_type=\"visaland-heading-title-widget.default\">\n\t\t\t\t<div class=\"elementor-widget-container\">\n\t\t\t\t\t\r\n\t\t\r\n\r\n\t<div class=\"section-title text-center\">\r\n\t\t<span class=\"wow fadeInUp\">OUR TEAM<\/span>\r\n\t\t<h2 class=\"title-anim\">\r\n\t\t\tMeet our expert consultants\t\t<\/h2>\r\n\t<\/div>\r\n\r\n\t\r\n             \r\n\t\t\t\t\t\t<\/div>\n\t\t\t\t<\/div>\n\t\t\t\t<div class=\"elementor-element elementor-element-6c03a29 elementor-widget elementor-widget-visaland-team-grid-widget\" data-id=\"6c03a29\" data-element_type=\"widget\" data-e-type=\"widget\" data-widget_type=\"visaland-team-grid-widget.default\">\n\t\t\t\t<div class=\"elementor-widget-container\">\n\t\t\t\t\t\r\n\r\n\r\n\t\t\r\n\r\n\t<div class=\"row align-items-center\">\r\n\t\t\t\r\n\t\t<div class=\"col-lg-6 col-md-6 wow fadeInUp\" data-wow-delay=\".2s\">\r\n\t\t\t<div class=\"single-team-items\">\r\n\t\t\t\t<div class=\"team-image\">\r\n\t\t\t\t\t\t\t\t\t\t\t<img decoding=\"async\" src=\"https:\/\/creeworldwide.com\/wp-content\/uploads\/2026\/04\/TEAM_CATALINA.jpg.jpeg\" alt=\"\">\r\n\t\t\t\t\t\t\t\t\t\t<div class=\"social-profile\">\r\n\t\t\t\t\t\t<span class=\"plus-btn\"><i class=\"fas fa-share-alt\"><\/i><\/span>\r\n\t\t\t\t\t\t<ul>\r\n\t\t\t\t\t\t \r\n\t\t\t\t\t\t \r\n\t\t\t\t\t\t \r\n\t\t\t\t\t\t \r\n\t\t\t\t\t\t \r\n\t\t\t\t\t\t<\/ul>\r\n\t\t\t\t\t<\/div>\r\n\t\t\t\t<\/div>\r\n\t\t\t\t<div class=\"team-content text-center\">\r\n\t\t\t\t\t<h5>\r\n\t\t\t\t\t\t<a href=\"\">Catalina Real<\/a>\r\n\t\t\t\t\t<\/h5>\r\n\t\t\t\t\t<p>CEO Cree World Wide<\/p>\r\n\t\t\t\t<\/div>\r\n\t\t\t<\/div>\r\n\t\t<\/div>\r\n\t\t\t<\/div>\r\n\r\n\t\t\r\n\r\n             \r\n\t\t\t\t\t\t<\/div>\n\t\t\t\t<\/div>\n\t\t\t\t\t<\/div>\n\t\t\t\t<\/div>\n\t\t<div class=\"elementor-element elementor-element-dae35a2 e-flex e-con-boxed e-con e-parent\" data-id=\"dae35a2\" data-element_type=\"container\" data-e-type=\"container\">\n\t\t\t\t\t<div class=\"e-con-inner\">\n\t\t\t\t<div class=\"elementor-element elementor-element-974aa8e elementor-widget elementor-widget-visaland-cta-box-widget\" data-id=\"974aa8e\" data-element_type=\"widget\" data-e-type=\"widget\" data-widget_type=\"visaland-cta-box-widget.default\">\n\t\t\t\t<div class=\"elementor-widget-container\">\n\t\t\t\t\t\r\n\t\r\n\t\r\n\r\n<div class=\"cta-chat-wrapper\">\r\n\t\t<div class=\"chat-items wow fadeInUp\" data-wow-delay=\".3s\">\r\n\t\t\t<div class=\"icon\">\r\n\t\t\t\t<i class=\"flaticon-phone-call\"><\/i>\r\n\t\t\t<\/div>\r\n\t\t\t<div class=\"content\">\r\n\t\t\t\t<h3>Let's Talk and Start Your Visa Process<\/h3>\r\n\t\t\t\t<p>Do you want to study abroad or need help with your visa process? Our team is ready to advise and accompany you through every step of your international project.<\/p>\r\n\t\t\t<\/div>\r\n\t\t<\/div>\r\n\t\t<a href=\"\/en\/visaland\/contact\/\" class=\"theme-btn bg-white wow fadeInUp\" data-wow-delay=\".5s\">\r\n\t\t\t<span>\r\n\t\t\t\tBook a Consultation\t\t\t\t<i class=\"fas fa-chevron-right\"><\/i>\r\n\t\t\t<\/span>\r\n\t\t<\/a>\r\n\t<\/div>\r\n\r\n\t\r\n             \r\n\t\t\t\t\t\t<\/div>\n\t\t\t\t<\/div>\n\t\t\t\t\t<\/div>\n\t\t\t\t<\/div>\n\t\t\t\t<\/div>","protected":false},"excerpt":{"rendered":"<p>\u201cComienza tu proceso para estudiar en el extranjero hoy\u201d Descubre nuevas oportunidades acad\u00e9micas y vive una experiencia internacional \u00fanica. Sobre la empresa Expertos en educaci\u00f3n internacional y asesor\u00eda de visas En Cree Worldwide ayudamos a estudiantes y familias a acceder a oportunidades de estudio en el extranjero en destinos como Australia, Canad\u00e1, Irlanda, Reino Unido,<\/p>","protected":false},"author":1,"featured_media":0,"parent":0,"menu_order":0,"comment_status":"closed","ping_status":"closed","template":"elementor_header_footer","meta":{"inline_featured_image":false,"_monsterinsights_skip_tracking":false,"_monsterinsights_sitenote_active":false,"_monsterinsights_sitenote_note":"","_monsterinsights_sitenote_category":0,"footnotes":""},"class_list":["post-1209","page","type-page","status-publish","hentry"],"aioseo_notices":[],"_links":{"self":[{"href":"https:\/\/creeworldwide.com\/en\/wp-json\/wp\/v2\/pages\/1209","targetHints":{"allow":["GET"]}}],"collection":[{"href":"https:\/\/creeworldwide.com\/en\/wp-json\/wp\/v2\/pages"}],"about":[{"href":"https:\/\/creeworldwide.com\/en\/wp-json\/wp\/v2\/types\/page"}],"author":[{"embeddable":true,"href":"https:\/\/creeworldwide.com\/en\/wp-json\/wp\/v2\/users\/1"}],"replies":[{"embeddable":true,"href":"https:\/\/creeworldwide.com\/en\/wp-json\/wp\/v2\/comments?post=1209"}],"version-history":[{"count":133,"href":"https:\/\/creeworldwide.com\/en\/wp-json\/wp\/v2\/pages\/1209\/revisions"}],"predecessor-version":[{"id":2897,"href":"https:\/\/creeworldwide.com\/en\/wp-json\/wp\/v2\/pages\/1209\/revisions\/2897"}],"wp:attachment":[{"href":"https:\/\/creeworldwide.com\/en\/wp-json\/wp\/v2\/media?parent=1209"}],"curies":[{"name":"wp","href":"https:\/\/api.w.org\/{rel}","templated":true}]}}