{"id":1326,"date":"2026-02-04T15:32:38","date_gmt":"2026-02-04T15:32:38","guid":{"rendered":"https:\/\/modinatheme.com\/visaland\/?page_id=1326"},"modified":"2026-04-08T12:59:44","modified_gmt":"2026-04-08T12:59:44","slug":"contacto","status":"publish","type":"page","link":"https:\/\/creeworldwide.com\/en\/contacto\/","title":{"rendered":"Contact Us"},"content":{"rendered":"<div data-elementor-type=\"wp-page\" data-elementor-id=\"1326\" class=\"elementor elementor-1326\" data-elementor-post-type=\"page\">\n\t\t\t\t<div class=\"elementor-element elementor-element-38e16ad e-con-full e-flex e-con e-parent\" data-id=\"38e16ad\" data-element_type=\"container\" data-e-type=\"container\" data-settings=\"{&quot;background_background&quot;:&quot;classic&quot;}\">\n\t\t<div class=\"elementor-element elementor-element-973bd6c e-flex e-con-boxed e-con e-child\" data-id=\"973bd6c\" data-element_type=\"container\" data-e-type=\"container\">\n\t\t\t\t\t<div class=\"e-con-inner\">\n\t\t<div class=\"elementor-element elementor-element-10c9185 e-con-full e-flex e-con e-child\" data-id=\"10c9185\" data-element_type=\"container\" data-e-type=\"container\">\n\t\t\t\t<div class=\"elementor-element elementor-element-b677eb8 elementor-widget elementor-widget-heading\" data-id=\"b677eb8\" data-element_type=\"widget\" data-e-type=\"widget\" data-widget_type=\"heading.default\">\n\t\t\t\t\t<h2 class=\"elementor-heading-title elementor-size-default\">Contact Us<\/h2>\t\t\t\t<\/div>\n\t\t\t\t<div class=\"elementor-element elementor-element-c49e95c elementor-widget elementor-widget-spacer\" data-id=\"c49e95c\" data-element_type=\"widget\" data-e-type=\"widget\" data-widget_type=\"spacer.default\">\n\t\t\t\t\t\t\t<div class=\"elementor-spacer\">\n\t\t\t<div class=\"elementor-spacer-inner\"><\/div>\n\t\t<\/div>\n\t\t\t\t\t\t<\/div>\n\t\t\t\t<div class=\"elementor-element elementor-element-cc809b7 elementor-widget elementor-widget-heading\" data-id=\"cc809b7\" data-element_type=\"widget\" data-e-type=\"widget\" data-widget_type=\"heading.default\">\n\t\t\t\t\t<h4 class=\"elementor-heading-title elementor-size-default\">LET'S TALK! WE ARE HERE TO HELP YOU TAKE THE FIRST STEP TOWARDS YOUR INTERNATIONAL EXPERIENCE.<\/h4>\t\t\t\t<\/div>\n\t\t\t\t<\/div>\n\t\t<div class=\"elementor-element elementor-element-9de4d1c e-con-full e-flex e-con e-child\" data-id=\"9de4d1c\" data-element_type=\"container\" data-e-type=\"container\">\n\t\t\t\t<div class=\"elementor-element elementor-element-5e1c0ed elementor-widget elementor-widget-image\" data-id=\"5e1c0ed\" data-element_type=\"widget\" data-e-type=\"widget\" data-widget_type=\"image.default\">\n\t\t\t\t\t\t\t\t\t\t\t\t\t\t\t<img fetchpriority=\"high\" decoding=\"async\" width=\"740\" height=\"379\" src=\"https:\/\/creeworldwide.com\/wp-content\/uploads\/2026\/02\/LOGO_CREE_BLANCO.webp\" class=\"attachment-large size-large wp-image-1477\" alt=\"\" srcset=\"https:\/\/creeworldwide.com\/wp-content\/uploads\/2026\/02\/LOGO_CREE_BLANCO.webp 946w, https:\/\/creeworldwide.com\/wp-content\/uploads\/2026\/02\/LOGO_CREE_BLANCO-300x154.webp 300w, https:\/\/creeworldwide.com\/wp-content\/uploads\/2026\/02\/LOGO_CREE_BLANCO-768x394.webp 768w\" sizes=\"(max-width: 740px) 100vw, 740px\" \/>\t\t\t\t\t\t\t\t\t\t\t\t\t\t\t<\/div>\n\t\t\t\t<\/div>\n\t\t\t\t\t<\/div>\n\t\t\t\t<\/div>\n\t\t\t\t<\/div>\n\t\t<div class=\"elementor-element elementor-element-63904e4 e-flex e-con-boxed e-con e-parent\" data-id=\"63904e4\" data-element_type=\"container\" data-e-type=\"container\" data-settings=\"{&quot;background_background&quot;:&quot;classic&quot;}\">\n\t\t\t\t\t<div class=\"e-con-inner\">\n\t\t<div class=\"elementor-element elementor-element-f3ada9c e-con-full e-flex e-con e-child\" data-id=\"f3ada9c\" data-element_type=\"container\" data-e-type=\"container\">\n\t\t\t\t<div class=\"elementor-element elementor-element-3388234 elementor-widget elementor-widget-visaland-heading-title-widget\" data-id=\"3388234\" data-element_type=\"widget\" data-e-type=\"widget\" data-widget_type=\"visaland-heading-title-widget.default\">\n\t\t\t\t<div class=\"elementor-widget-container\">\n\t\t\t\t\t\r\n\t\r\n\r\n\t<div class=\"section-title\">\r\n\t\t<span class=\"wow fadeInUp\">SCHEDULE A CONSULTATION<\/span>\r\n\t\t<h2 class=\"title-anim\">\r\n\t\t\tContact Us\t\t<\/h2>\r\n\t<\/div>\r\n\r\n\t\r\n             \r\n\t\t\t\t\t\t<\/div>\n\t\t\t\t<\/div>\n\t\t\t\t<div class=\"elementor-element elementor-element-1d5337b elementor-widget elementor-widget-text-editor\" data-id=\"1d5337b\" data-element_type=\"widget\" data-e-type=\"widget\" data-widget_type=\"text-editor.default\">\n\t\t\t\t\t\t\t\t\t<p class=\"translation-block\">EWe are here to help you begin your study abroad experience. At <strong>Cree Worldwide<\/strong>, we provide personalized consultancy to help you choose your destination, your course, and accompany you throughout the entire application process.<\/p><p>\u00a0<\/p><p>No matter what stage you are in, our team will be happy to guide you and answer all your questions.<\/p>\t\t\t\t\t\t\t\t<\/div>\n\t\t\t\t<div class=\"elementor-element elementor-element-91f3d17 elementor-position-inline-start elementor-view-default elementor-mobile-position-block-start elementor-widget elementor-widget-icon-box\" data-id=\"91f3d17\" data-element_type=\"widget\" data-e-type=\"widget\" data-widget_type=\"icon-box.default\">\n\t\t\t\t\t\t\t<div class=\"elementor-icon-box-wrapper\">\n\n\t\t\t\t\t\t<div class=\"elementor-icon-box-icon\">\n\t\t\t\t<a href=\"tel:+573012891649\" class=\"elementor-icon\" tabindex=\"-1\" aria-label=\"Contact us on WhatsApp\">\n\t\t\t\t<i aria-hidden=\"true\" class=\"flaticon-phone-call\"><\/i>\t\t\t\t<\/a>\n\t\t\t<\/div>\n\t\t\t\n\t\t\t\t\t\t<div class=\"elementor-icon-box-content\">\n\n\t\t\t\t\t\t\t\t\t<h3 class=\"elementor-icon-box-title\">\n\t\t\t\t\t\t<a href=\"tel:+573012891649\" >\n\t\t\t\t\t\t\tContact us on WhatsApp\t\t\t\t\t\t<\/a>\n\t\t\t\t\t<\/h3>\n\t\t\t\t\n\t\t\t\t\t\t\t\t\t<p class=\"elementor-icon-box-description\">\n\t\t\t\t\t\t+57 (301) 289 1649\t\t\t\t\t<\/p>\n\t\t\t\t\n\t\t\t<\/div>\n\t\t\t\n\t\t<\/div>\n\t\t\t\t\t\t<\/div>\n\t\t\t\t<div class=\"elementor-element elementor-element-cf7ea70 elementor-position-inline-start elementor-view-default elementor-mobile-position-block-start elementor-widget elementor-widget-icon-box\" data-id=\"cf7ea70\" data-element_type=\"widget\" data-e-type=\"widget\" data-widget_type=\"icon-box.default\">\n\t\t\t\t\t\t\t<div class=\"elementor-icon-box-wrapper\">\n\n\t\t\t\t\t\t<div class=\"elementor-icon-box-icon\">\n\t\t\t\t<a href=\"tel:+573012891649\" class=\"elementor-icon\" tabindex=\"-1\" aria-label=\"Contact us on WhatsApp\">\n\t\t\t\t<i aria-hidden=\"true\" class=\"flaticon-phone-call\"><\/i>\t\t\t\t<\/a>\n\t\t\t<\/div>\n\t\t\t\n\t\t\t\t\t\t<div class=\"elementor-icon-box-content\">\n\n\t\t\t\t\t\t\t\t\t<h3 class=\"elementor-icon-box-title\">\n\t\t\t\t\t\t<a href=\"tel:+573012891649\" >\n\t\t\t\t\t\t\tContact us on WhatsApp\t\t\t\t\t\t<\/a>\n\t\t\t\t\t<\/h3>\n\t\t\t\t\n\t\t\t\t\t\t\t\t\t<p class=\"elementor-icon-box-description\">\n\t\t\t\t\t\t+61 (401) 017 791\t\t\t\t\t<\/p>\n\t\t\t\t\n\t\t\t<\/div>\n\t\t\t\n\t\t<\/div>\n\t\t\t\t\t\t<\/div>\n\t\t\t\t<div class=\"elementor-element elementor-element-3497f97 elementor-position-inline-start elementor-view-default elementor-mobile-position-block-start elementor-widget elementor-widget-icon-box\" data-id=\"3497f97\" data-element_type=\"widget\" data-e-type=\"widget\" data-widget_type=\"icon-box.default\">\n\t\t\t\t\t\t\t<div class=\"elementor-icon-box-wrapper\">\n\n\t\t\t\t\t\t<div class=\"elementor-icon-box-icon\">\n\t\t\t\t<a href=\"mailto:info@creeworldwide.com\" class=\"elementor-icon\" tabindex=\"-1\" aria-label=\"Send us a message\">\n\t\t\t\t<i aria-hidden=\"true\" class=\"flaticon-email\"><\/i>\t\t\t\t<\/a>\n\t\t\t<\/div>\n\t\t\t\n\t\t\t\t\t\t<div class=\"elementor-icon-box-content\">\n\n\t\t\t\t\t\t\t\t\t<h3 class=\"elementor-icon-box-title\">\n\t\t\t\t\t\t<a href=\"mailto:info@creeworldwide.com\" >\n\t\t\t\t\t\t\tSend us a message\t\t\t\t\t\t<\/a>\n\t\t\t\t\t<\/h3>\n\t\t\t\t\n\t\t\t\t\t\t\t\t\t<p class=\"elementor-icon-box-description\">\n\t\t\t\t\t\tinfo@creeworldwide.com\t\t\t\t\t<\/p>\n\t\t\t\t\n\t\t\t<\/div>\n\t\t\t\n\t\t<\/div>\n\t\t\t\t\t\t<\/div>\n\t\t\t\t<div class=\"elementor-element elementor-element-c09f86b elementor-widget elementor-widget-image\" data-id=\"c09f86b\" data-element_type=\"widget\" data-e-type=\"widget\" data-widget_type=\"image.default\">\n\t\t\t\t\t\t\t\t\t\t\t\t\t\t\t<img decoding=\"async\" width=\"644\" height=\"234\" src=\"https:\/\/creeworldwide.com\/wp-content\/uploads\/2026\/02\/IMG_CONTACTO_01.jpg\" class=\"attachment-large size-large wp-image-1709\" alt=\"\" srcset=\"https:\/\/creeworldwide.com\/wp-content\/uploads\/2026\/02\/IMG_CONTACTO_01.jpg 644w, https:\/\/creeworldwide.com\/wp-content\/uploads\/2026\/02\/IMG_CONTACTO_01-300x109.jpg 300w\" sizes=\"(max-width: 644px) 100vw, 644px\" \/>\t\t\t\t\t\t\t\t\t\t\t\t\t\t\t<\/div>\n\t\t\t\t<\/div>\n\t\t<div class=\"elementor-element elementor-element-923162f e-con-full e-flex e-con e-child\" data-id=\"923162f\" data-element_type=\"container\" data-e-type=\"container\">\n\t\t\t\t<div class=\"elementor-element elementor-element-bbbb8fe elementor-widget elementor-widget-visaland-contact-form-widget\" data-id=\"bbbb8fe\" data-element_type=\"widget\" data-e-type=\"widget\" data-widget_type=\"visaland-contact-form-widget.default\">\n\t\t\t\t<div class=\"elementor-widget-container\">\n\t\t\t\t\t\r\n\r\n\r\n\t\t<div class=\"contact-box\">\r\n\t\t\t<div class=\"contact-title\">\r\n\t\t\t\t<h3 class=\"wow fadeInUp\" data-wow-delay=\".3s\">Fill Out the Form<\/h3>\r\n\t\t\t\t<p class=\"wow fadeInUp\" data-wow-delay=\".5s\">Your email address will not be published. Required fields are marked with *<\/p>\r\n\t\t\t<\/div>\r\n\t\t\t<div class=\"contact-form-items\">\r\n\t\t\t\t\n<div class=\"wpcf7 no-js\" id=\"wpcf7-f1340-o1\" lang=\"en-US\" dir=\"ltr\" data-wpcf7-id=\"1340\">\n<div class=\"screen-reader-response\"><p role=\"status\" aria-live=\"polite\" aria-atomic=\"true\"><\/p> <ul><\/ul><\/div>\n<form action=\"\/en\/wp-json\/wp\/v2\/pages\/1326#wpcf7-f1340-o1\" method=\"post\" class=\"wpcf7-form init\" aria-label=\"Contact form\" novalidate=\"novalidate\" data-status=\"init\" data-trp-original-action=\"\/en\/wp-json\/wp\/v2\/pages\/1326#wpcf7-f1340-o1\">\n<fieldset class=\"hidden-fields-container\"><input type=\"hidden\" name=\"_wpcf7\" value=\"1340\" \/><input type=\"hidden\" name=\"_wpcf7_version\" value=\"6.1.5\" \/><input type=\"hidden\" name=\"_wpcf7_locale\" value=\"en_US\" \/><input type=\"hidden\" name=\"_wpcf7_unit_tag\" value=\"wpcf7-f1340-o1\" \/><input type=\"hidden\" name=\"_wpcf7_container_post\" value=\"0\" \/><input type=\"hidden\" name=\"_wpcf7_posted_data_hash\" value=\"\" \/>\n<\/fieldset>\n<div class=\"row g-3\">\n\t<div class=\"col-lg-6 wow fadeInUp\" data-wow-delay=\".3s\">\n\t\t<div class=\"form-clt\">\n\t\t\t<span class=\"wpcf7-form-control-wrap\" data-name=\"text-169\"><input size=\"40\" maxlength=\"400\" class=\"wpcf7-form-control wpcf7-text wpcf7-validates-as-required\" aria-required=\"true\" aria-invalid=\"false\" placeholder=\"Your Name*\" value=\"\" type=\"text\" name=\"text-169\" \/><\/span>\n\t\t\t<div class=\"icon\">\n\t\t\t\t<i class=\"far fa-user\"><\/i>\n\t\t\t<\/div>\n\t\t<\/div>\n\t<\/div>\n\t<div class=\"col-lg-6 wow fadeInUp\" data-wow-delay=\".5s\">\n\t\t<div class=\"form-clt\">\n\t\t\t<span class=\"wpcf7-form-control-wrap\" data-name=\"email-195\"><input size=\"40\" maxlength=\"400\" class=\"wpcf7-form-control wpcf7-email wpcf7-validates-as-required wpcf7-text wpcf7-validates-as-email\" aria-required=\"true\" aria-invalid=\"false\" placeholder=\"Your Email*\" value=\"\" type=\"email\" name=\"email-195\" \/><\/span>\n\t\t\t<div class=\"icon\">\n\t\t\t\t<i class=\"far fa-envelope\"><\/i>\n\t\t\t<\/div>\n\t\t<\/div>\n\t<\/div>\n\t<div class=\"col-lg-12 wow fadeInUp\" data-wow-delay=\".3s\">\n\t\t<div class=\"form-clt\">\n\t\t\t<span class=\"wpcf7-form-control-wrap\" data-name=\"text-228\"><input size=\"40\" maxlength=\"400\" class=\"wpcf7-form-control wpcf7-text\" aria-invalid=\"false\" placeholder=\"Subject\" value=\"\" type=\"text\" name=\"text-228\" \/><\/span>\n\t\t<\/div>\n\t<\/div>\n\t<div class=\"col-lg-12 wow fadeInUp\" data-wow-delay=\".5s\">\n\t\t<div class=\"form-clt\">\n\t\t\t<span class=\"wpcf7-form-control-wrap\" data-name=\"textarea-387\"><textarea cols=\"40\" rows=\"10\" maxlength=\"2000\" class=\"wpcf7-form-control wpcf7-textarea\" aria-invalid=\"false\" placeholder=\"Write your message\" name=\"textarea-387\"><\/textarea><\/span>\n\t\t<\/div>\n\t<\/div>\n\t<div class=\"col-lg-12 wow fadeInUp\" data-wow-delay=\".4s\">\n\t\t<button type=\"submit\" class=\"theme-btn theme-btn-2\">\n\t\t<span>\n\t\t\tSend Message\n\t\t\t<i class=\"fas fa-chevron-right\"><\/i>\n\t\t<\/span>\n\t\t<\/button>\n\t<\/div>\n<\/div><div class=\"wpcf7-response-output\" aria-hidden=\"true\"><\/div>\n<input type=\"hidden\" name=\"trp-form-language\" value=\"en\"\/><\/form>\n<\/div>\n\t\t\t<\/div>\r\n\t\t<\/div>\r\n\r\n\t\r\n\r\n             \r\n\t\t\t\t\t\t<\/div>\n\t\t\t\t<\/div>\n\t\t\t\t<\/div>\n\t\t\t\t\t<\/div>\n\t\t\t\t<\/div>\n\t\t<div class=\"elementor-element elementor-element-c943ab2 e-flex e-con-boxed e-con e-parent\" data-id=\"c943ab2\" data-element_type=\"container\" data-e-type=\"container\">\n\t\t\t\t\t<div class=\"e-con-inner\">\n\t\t\t\t<div class=\"elementor-element elementor-element-0964ce2 elementor-widget elementor-widget-image\" data-id=\"0964ce2\" data-element_type=\"widget\" data-e-type=\"widget\" data-widget_type=\"image.default\">\n\t\t\t\t\t\t\t\t\t\t\t\t\t\t\t<img decoding=\"async\" width=\"751\" height=\"200\" src=\"https:\/\/creeworldwide.com\/wp-content\/uploads\/2026\/02\/PATTERN_04.svg\" class=\"attachment-full size-full wp-image-1534\" alt=\"\" \/>\t\t\t\t\t\t\t\t\t\t\t\t\t\t\t<\/div>\n\t\t\t\t\t<\/div>\n\t\t\t\t<\/div>\n\t\t<div class=\"elementor-element elementor-element-1eb351d e-con-full e-flex e-con e-parent\" data-id=\"1eb351d\" data-element_type=\"container\" data-e-type=\"container\" data-settings=\"{&quot;background_background&quot;:&quot;classic&quot;}\">\n\t\t\t\t<div class=\"elementor-element elementor-element-29f3cd5 elementor-widget__width-initial elementor-widget elementor-widget-visaland-cta-box-widget\" data-id=\"29f3cd5\" data-element_type=\"widget\" data-e-type=\"widget\" data-widget_type=\"visaland-cta-box-widget.default\">\n\t\t\t\t<div class=\"elementor-widget-container\">\n\t\t\t\t\t\r\n\t\r\n\t\r\n\r\n<div class=\"cta-chat-wrapper\">\r\n\t\t<div class=\"chat-items wow fadeInUp\" data-wow-delay=\".3s\">\r\n\t\t\t<div class=\"icon\">\r\n\t\t\t\t<i class=\"flaticon-phone-call\"><\/i>\r\n\t\t\t<\/div>\r\n\t\t\t<div class=\"content\">\r\n\t\t\t\t<h3>Let's Talk and Start Your Visa Process<\/h3>\r\n\t\t\t\t<p><p class=\"title-cta\" style=\"font-size: 22px; color: #ffffff; font-weight:bold;\">Are you ready to study abroad?<\/p> \n<p>Our team will help you choose the right course, prepare your visa application, and start your international experience.<\/p><\/p>\r\n\t\t\t<\/div>\r\n\t\t<\/div>\r\n\t\t<a href=\"\/en\/visaland\/contact\/\" class=\"theme-btn bg-white wow fadeInUp\" data-wow-delay=\".5s\">\r\n\t\t\t<span>\r\n\t\t\t\tSCHEDULE A CONSULTATION\t\t\t\t<i class=\"fas fa-chevron-right\"><\/i>\r\n\t\t\t<\/span>\r\n\t\t<\/a>\r\n\t<\/div>\r\n\r\n\t\r\n             \r\n\t\t\t\t\t\t<\/div>\n\t\t\t\t<\/div>\n\t\t\t\t<\/div>\n\t\t\t\t<\/div>","protected":false},"excerpt":{"rendered":"<p>\u00a1Hablemos! Estamos aqu\u00ed para ayudarte a dar el primer paso hacia tu experiencia internacional. Agenda una asesor\u00eda Cont\u00e1ctanos Estamos aqu\u00ed para ayudarte a comenzar tu experiencia de estudio en el extranjero. En Cree Worldwide te brindamos asesor\u00eda personalizada para elegir tu destino, tu curso y acompa\u00f1arte en todo el proceso de aplicaci\u00f3n. \u00a0 No importa<\/p>","protected":false},"author":1,"featured_media":0,"parent":0,"menu_order":0,"comment_status":"closed","ping_status":"closed","template":"elementor_header_footer","meta":{"inline_featured_image":false,"_monsterinsights_skip_tracking":false,"_monsterinsights_sitenote_active":false,"_monsterinsights_sitenote_note":"","_monsterinsights_sitenote_category":0,"footnotes":""},"class_list":["post-1326","page","type-page","status-publish","hentry"],"aioseo_notices":[],"_links":{"self":[{"href":"https:\/\/creeworldwide.com\/en\/wp-json\/wp\/v2\/pages\/1326","targetHints":{"allow":["GET"]}}],"collection":[{"href":"https:\/\/creeworldwide.com\/en\/wp-json\/wp\/v2\/pages"}],"about":[{"href":"https:\/\/creeworldwide.com\/en\/wp-json\/wp\/v2\/types\/page"}],"author":[{"embeddable":true,"href":"https:\/\/creeworldwide.com\/en\/wp-json\/wp\/v2\/users\/1"}],"replies":[{"embeddable":true,"href":"https:\/\/creeworldwide.com\/en\/wp-json\/wp\/v2\/comments?post=1326"}],"version-history":[{"count":62,"href":"https:\/\/creeworldwide.com\/en\/wp-json\/wp\/v2\/pages\/1326\/revisions"}],"predecessor-version":[{"id":2865,"href":"https:\/\/creeworldwide.com\/en\/wp-json\/wp\/v2\/pages\/1326\/revisions\/2865"}],"wp:attachment":[{"href":"https:\/\/creeworldwide.com\/en\/wp-json\/wp\/v2\/media?parent=1326"}],"curies":[{"name":"wp","href":"https:\/\/api.w.org\/{rel}","templated":true}]}}